
{"id":720,"date":"2023-04-26T14:32:46","date_gmt":"2023-04-26T14:32:46","guid":{"rendered":"https:\/\/alnaelva.no\/?page_id=249\/?page_id=720"},"modified":"2023-09-19T21:49:41","modified_gmt":"2023-09-19T21:49:41","slug":"ga-pa-tur","status":"publish","type":"page","link":"https:\/\/alnaelva.no\/?page_id=720","title":{"rendered":"G\u00e5 p\u00e5 tur"},"content":{"rendered":"\n<h6 class=\"wp-block-heading\">Tur langs Alna kan by p\u00e5 ulike utfordringer. Hvordan kommer man seg til elva? Hvor starter den egentlig? Hvor forsvant turveien? \u2013 og elva?<\/h6>\n\n\n\n<figure class=\"wp-block-image\"><img loading=\"lazy\" decoding=\"async\" width=\"877\" height=\"658\" src=\"https:\/\/alnaelva.no\/wp-content\/uploads\/2022\/06\/image1-edited.jpg\" alt=\"Skilting\n\" class=\"wp-image-529\" srcset=\"https:\/\/alnaelva.no\/wp-content\/uploads\/2022\/06\/image1-edited.jpg 877w, https:\/\/alnaelva.no\/wp-content\/uploads\/2022\/06\/image1-edited-300x225.jpg 300w, https:\/\/alnaelva.no\/wp-content\/uploads\/2022\/06\/image1-edited-768x576.jpg 768w\" sizes=\"(max-width: 877px) 100vw, 877px\" \/><figcaption class=\"wp-element-caption\">Heldigvis er det god skilting langs Alna!<\/figcaption><\/figure>\n\n\n\n<div data-wp-interactive=\"\" class=\"wp-block-file\"><object data-wp-bind--hidden=\"!selectors.core.file.hasPdfPreview\" hidden class=\"wp-block-file__embed\" data=\"https:\/\/alnaelva.no\/wp-content\/uploads\/2023\/09\/Oversiktskart.pdf\" type=\"application\/pdf\" style=\"width:100%;height:830px\" aria-label=\"Innbygging av Oversiktskart\"><\/object><a id=\"wp-block-file--media-d62fded0-edf7-47de-b43c-e583139439bc\" href=\"https:\/\/alnaelva.no\/wp-content\/uploads\/2023\/09\/Oversiktskart.pdf\">Oversiktskart<\/a><a href=\"https:\/\/alnaelva.no\/wp-content\/uploads\/2023\/09\/Oversiktskart.pdf\" class=\"wp-block-file__button wp-element-button\" download aria-describedby=\"wp-block-file--media-d62fded0-edf7-47de-b43c-e583139439bc\">Last ned<\/a><\/div>\n\n\n\n<ol>\n<li><a href=\"#alundam-hukenveien\">Alunsj\u00f8en, hovedkilde til Alna \u2014 med skogsti og villaveier \/ fortau<\/a><\/li>\n\n\n\n<li><a href=\"https:\/\/alnaelva.wordpress.com\/turassistanse\/?theme_preview=true&amp;iframe=true&amp;frame-nonce=cc138f7cdf&amp;calypso_token=713d687c-1bec-468c-a239-e321c2dcb212#fossumbekken-poudretstien\">Fossumbekken, \u00f8stre hovedkilde til Alna. Tursti langs bekken.<\/a><\/li>\n\n\n\n<li><a href=\"https:\/\/alnaelva.wordpress.com\/turassistanse\/?theme_preview=true&amp;iframe=true&amp;frame-nonce=cc138f7cdf&amp;calypso_token=713d687c-1bec-468c-a239-e321c2dcb212#h\u00f8lal\u00f8kka\">H\u00f8lal\u00f8kka<\/a> \u2013 Grorud stasjon \u2013 Poudretstien: Gangvei, fortau, veikryssinger.<\/li>\n\n\n\n<li>Alnaparken \u2013 to mulige stier<\/li>\n\n\n\n<li><a href=\"https:\/\/alnaelva.wordpress.com\/turassistanse\/?theme_preview=true&amp;iframe=true&amp;frame-nonce=cc138f7cdf&amp;calypso_token=713d687c-1bec-468c-a239-e321c2dcb212#kjelsrud\">Nedre Kalbakkvei bro, Kjelsruddammen<\/a><\/li>\n\n\n\n<li>Bringterminalen, ny gangvei til Alfaset 2. industrivei \/ Arvesetveien til Terminalveien<\/li>\n\n\n\n<li>E6-kryssing fra Breivollen ned til gangvei ved Trosterudbekken nord i Smalvollen<\/li>\n\n\n\n<li>Gangvei slutter Smalvollen ut i trafikkert vei ved Tvetenbekken<\/li>\n\n\n\n<li><a href=\"https:\/\/alnaelva.wordpress.com\/turassistanse\/?theme_preview=true&amp;iframe=true&amp;frame-nonce=cc138f7cdf&amp;calypso_token=713d687c-1bec-468c-a239-e321c2dcb212#9-smalvoll-bryn\">Over Tvetenbrua, parkeringsplasser og forbi Pallelageret, Bryn stasjon, til gangvei ned Brynsfossen<\/a><\/li>\n<\/ol>\n\n\n\n<ol id=\"alundam-hukenveien\">\n<li>Alunsj\u00f8en, hovedkilde til Alna \u2014 med skogsti og villaveier \/ fortau<\/li>\n<\/ol>\n\n\n\n<div data-wp-interactive=\"\" class=\"wp-block-file\"><object data-wp-bind--hidden=\"!selectors.core.file.hasPdfPreview\" hidden class=\"wp-block-file__embed\" data=\"https:\/\/alnaelva.no\/wp-content\/uploads\/2023\/09\/alundam-hukenveien.pdf\" type=\"application\/pdf\" style=\"width:100%;height:1180px\" aria-label=\"Innbygging av alundam-hukenveien\"><\/object><a id=\"wp-block-file--media-baf3e276-3635-46c8-b67d-710efbd8c51f\" href=\"https:\/\/alnaelva.no\/wp-content\/uploads\/2023\/09\/alundam-hukenveien.pdf\">alundam-hukenveien<\/a><a href=\"https:\/\/alnaelva.no\/wp-content\/uploads\/2023\/09\/alundam-hukenveien.pdf\" class=\"wp-block-file__button wp-element-button\" download aria-describedby=\"wp-block-file--media-baf3e276-3635-46c8-b67d-710efbd8c51f\">Last ned<\/a><\/div>\n\n\n\n<p id=\"fossumbekken-poudretstien\">2. Fossumbekken, \u00f8stre hovedkilde til Alna. Tursti langs bekken.<\/p>\n\n\n\n<div data-wp-interactive=\"\" class=\"wp-block-file\"><object data-wp-bind--hidden=\"!selectors.core.file.hasPdfPreview\" hidden class=\"wp-block-file__embed\" data=\"https:\/\/alnaelva.no\/wp-content\/uploads\/2022\/06\/fossumbekken.pdf\" type=\"application\/pdf\" style=\"width:100%;height:600px\" aria-label=\"Innbygging av fossumbekken\"><\/object><a id=\"wp-block-file--media-b09396ff-91c4-45e2-a66e-7c23ced8ef90\" href=\"https:\/\/alnaelva.no\/wp-content\/uploads\/2022\/06\/fossumbekken.pdf\">fossumbekken<\/a><a href=\"https:\/\/alnaelva.no\/wp-content\/uploads\/2022\/06\/fossumbekken.pdf\" class=\"wp-block-file__button wp-element-button\" download aria-describedby=\"wp-block-file--media-b09396ff-91c4-45e2-a66e-7c23ced8ef90\">Last ned<\/a><\/div>\n\n\n\n<p id=\"3-leirfossen-poudretstien\">3. Leirfossen, H\u00f8lal\u00f8kka til Poudretstien langs Fossumbekken f\u00f8r den m\u00f8ter Alna:<\/p>\n\n\n\n<p><a href=\"https:\/\/alnaelva.files.wordpress.com\/2020\/09\/leirfossen-poudretstien.pdf\">leirfossen-poudretstien<\/a><a href=\"https:\/\/alnaelva.files.wordpress.com\/2020\/09\/leirfossen-poudretstien.pdf?force_download=true\">Last ned<\/a><\/p>\n\n\n\n<figure class=\"wp-block-image\"><img loading=\"lazy\" decoding=\"async\" width=\"878\" height=\"1024\" src=\"https:\/\/alnaelva.no\/wp-content\/uploads\/2020\/09\/leirfossen-poudretstien-878x1024.jpg\" alt=\"Leirfossen -Poudretstien\" class=\"wp-image-199\" srcset=\"https:\/\/alnaelva.no\/wp-content\/uploads\/2020\/09\/leirfossen-poudretstien-878x1024.jpg 878w, https:\/\/alnaelva.no\/wp-content\/uploads\/2020\/09\/leirfossen-poudretstien-257x300.jpg 257w, https:\/\/alnaelva.no\/wp-content\/uploads\/2020\/09\/leirfossen-poudretstien-768x895.jpg 768w, https:\/\/alnaelva.no\/wp-content\/uploads\/2020\/09\/leirfossen-poudretstien.jpg 983w\" sizes=\"(max-width: 878px) 100vw, 878px\" \/><\/figure>\n\n\n\n<hr class=\"wp-block-separator has-alpha-channel-opacity\"\/>\n\n\n\n<p id=\"kjelsrud\">4. Alnaparken \u2013 to mulige stier<\/p>\n\n\n\n\n\n<p id=\"kjelsrud\">5. Alfaset, ny gangsti under kj\u00f8rebro, Nedre Kalbakkvei, gjennom den nye Kjelsrud bekkeparken, gjennom industriomr\u00e5de, langs elva til gangvei:<\/p>\n\n\n\n<p><a href=\"https:\/\/alnaelva.files.wordpress.com\/2020\/09\/alfaset-kart.pdf\">alfaset-kart<\/a><a href=\"https:\/\/alnaelva.files.wordpress.com\/2020\/09\/alfaset-kart.pdf?force_download=true\">Last ned<\/a><\/p>\n\n\n\n<figure class=\"wp-block-image\"><img loading=\"lazy\" decoding=\"async\" width=\"1239\" height=\"1754\" src=\"https:\/\/alnaelva.files.wordpress.com\/2021\/03\/alfasetkart.jpg?w=723\" alt=\"\" class=\"wp-image-294\" srcset=\"https:\/\/alnaelva.no\/wp-content\/uploads\/2021\/03\/alfasetkart.jpg 1239w, https:\/\/alnaelva.no\/wp-content\/uploads\/2021\/03\/alfasetkart-212x300.jpg 212w, https:\/\/alnaelva.no\/wp-content\/uploads\/2021\/03\/alfasetkart-723x1024.jpg 723w, https:\/\/alnaelva.no\/wp-content\/uploads\/2021\/03\/alfasetkart-768x1087.jpg 768w, https:\/\/alnaelva.no\/wp-content\/uploads\/2021\/03\/alfasetkart-1085x1536.jpg 1085w\" sizes=\"(max-width: 1239px) 100vw, 1239px\" \/><\/figure>\n\n\n\n<hr class=\"wp-block-separator has-alpha-channel-opacity\"\/>\n\n\n\n<div class=\"wp-block-stackable-text stk-block-text stk-block stk-0017067\" data-block-id=\"0017067\"><p class=\"stk-block-text__text\">6. Bringterminalen, ny gangvei til Alfaset 2. industrivei \/ Arvesetveien til Terminalveien<\/p><\/div>\n\n\n\n<div class=\"wp-block-file\"><a id=\"wp-block-file--media-d8f6add5-3e02-45e1-b0e7-ceb72fcd399f\" href=\"https:\/\/alnaelva.no\/wp-content\/uploads\/2021\/03\/alfasetkart.jpg\">alfasetkart<\/a><a href=\"https:\/\/alnaelva.no\/wp-content\/uploads\/2021\/03\/alfasetkart.jpg\" class=\"wp-block-file__button wp-element-button\" download aria-describedby=\"wp-block-file--media-d8f6add5-3e02-45e1-b0e7-ceb72fcd399f\">Last ned<\/a><\/div>\n\n\n\n<p>7. Over E6, fra gangsti, Terminalveien til gangvei langs Smalvollen:<\/p>\n\n\n\n<p><object><\/object><a href=\"https:\/\/alnaelva.files.wordpress.com\/2022\/06\/nedre_breivoll-sti-1.pdf\">nedre_breivoll-sti-1<\/a><a href=\"https:\/\/alnaelva.files.wordpress.com\/2022\/06\/nedre_breivoll-sti-1.pdf?force_download=true\">Last ned<\/a><\/p>\n\n\n\n<hr class=\"wp-block-separator has-alpha-channel-opacity\"\/>\n\n\n\n<p>8. Gangvei slutter Smalvollen ut i trafikkert vei ved Tvetenbekken<\/p>\n\n\n\n<p><object><\/object><a href=\"https:\/\/alnaelva.files.wordpress.com\/2020\/09\/smalvollen-bryn.pdf\">smalvollen-bryn<\/a><a href=\"https:\/\/alnaelva.files.wordpress.com\/2020\/09\/smalvollen-bryn.pdf?force_download=true\">Last ned<\/a><\/p>\n\n\n\n<p id=\"9-smalvoll-bryn\">9. Fra gangveien langs Smalvollen til Bryn stasjon:<\/p>\n\n\n\n<p><a href=\"https:\/\/alnaelva.files.wordpress.com\/2020\/09\/smalvollen-bryn.pdf\">smalvollen-bryn<\/a><a href=\"https:\/\/alnaelva.files.wordpress.com\/2020\/09\/smalvollen-bryn.pdf?force_download=true\">Last ned<\/a><\/p>\n\n\n\n<figure class=\"wp-block-image\"><img loading=\"lazy\" decoding=\"async\" width=\"962\" height=\"1024\" src=\"https:\/\/alnaelva.no\/wp-content\/uploads\/2020\/09\/smalvollen-bryn-962x1024.jpg\" alt=\"Smalvollen - Bryn\" class=\"wp-image-202\" srcset=\"https:\/\/alnaelva.no\/wp-content\/uploads\/2020\/09\/smalvollen-bryn-962x1024.jpg 962w, https:\/\/alnaelva.no\/wp-content\/uploads\/2020\/09\/smalvollen-bryn-282x300.jpg 282w, https:\/\/alnaelva.no\/wp-content\/uploads\/2020\/09\/smalvollen-bryn-768x818.jpg 768w, https:\/\/alnaelva.no\/wp-content\/uploads\/2020\/09\/smalvollen-bryn.jpg 1175w\" sizes=\"(max-width: 962px) 100vw, 962px\" \/><\/figure>\n\n\n\n<hr class=\"wp-block-separator has-alpha-channel-opacity\"\/>\n\n\n\n<p>Oslo Elveforum har laget en veileder til hvordan man kommer seg fram med kollektivtransport til de ulike bekkene og elvene i byen. Den finnes <a href=\"https:\/\/usercontent.one\/wp\/www.osloelveforum.org\/wp-content\/uploads\/2019\/03\/TURGUIDE_norsk.pdf\">her<\/a>:<\/p>\n\n\n\n<p>De to kartsidene med kollektivadgang til Alna:<\/p>\n\n\n\n<figure class=\"wp-block-image size-large\"><img loading=\"lazy\" decoding=\"async\" width=\"414\" height=\"1024\" src=\"https:\/\/alnaelva.no\/wp-content\/uploads\/2020\/09\/buss-og-bane-414x1024.jpg\" alt=\"\" class=\"wp-image-209\" srcset=\"https:\/\/alnaelva.no\/wp-content\/uploads\/2020\/09\/buss-og-bane-414x1024.jpg 414w, https:\/\/alnaelva.no\/wp-content\/uploads\/2020\/09\/buss-og-bane-121x300.jpg 121w, https:\/\/alnaelva.no\/wp-content\/uploads\/2020\/09\/buss-og-bane.jpg 550w\" sizes=\"(max-width: 414px) 100vw, 414px\" \/><\/figure>\n\n\n\n<p><a href=\"https:\/\/alnaelva.files.wordpress.com\/2020\/09\/turguide_norskalnasider.pdf\">turguide_norskalnasider<\/a><a href=\"https:\/\/alnaelva.files.wordpress.com\/2020\/09\/turguide_norskalnasider.pdf?force_download=true\">Last ned<\/a><\/p>\n\n\n\n<p><strong>Flere muligheter:<\/strong><\/p>\n\n\n\n<p>Buss 68 (Helsfyr \u2013 Grorud T via Alfaset) til holdeplass Alfasetveien, derfra g\u00e5 under broen og oppstr\u00f8ms gjennom Alnaparken. Vill strekning.<\/p>\n\n\n\n<p>Buss 66 (Helsfyr T \u2013 Grorud T) til holdeplass Ole Deviks vei, for \u00e5 g\u00e5 ned Smalvollen eller p\u00e5 bro over E6 deretter oppst\u00f8ms retning Alnaparken.<\/p>\n\n\n\n<p>Her er <a href=\"https:\/\/href.li\/?https:\/\/ut.no\/turforslag\/115571\/tur-langs-alnaelva-i-groruddalen\">Ut.no\u2019s turforslag<\/a>.<\/p>\n\n\n\n<p><strong>God tur! <\/strong>Hilsen Alnaelvas Venner.<\/p>\n\n\n","protected":false},"excerpt":{"rendered":"<p>Tur langs Alna kan by p\u00e5 ulike utfordringer. Hvordan kommer man seg til elva? Hvor starter den egentlig? Hvor forsvant turveien? \u2013 og elva? 2. Fossumbekken, \u00f8stre hovedkilde til Alna. [&hellip;]<\/p>\n","protected":false},"author":1,"featured_media":0,"parent":0,"menu_order":0,"comment_status":"closed","ping_status":"closed","template":"","meta":{"footnotes":""},"featured_image_urls":{"full":"","thumbnail":"","medium":"","medium_large":"","large":"","1536x1536":"","2048x2048":"","post-thumbnail":""},"post_excerpt_stackable":"<p>Tur langs Alna kan by p\u00e5 ulike utfordringer. Hvordan kommer man seg til elva? Hvor starter den egentlig? Hvor forsvant turveien? \u2013 og elva? Heldigvis er det god skilting langs Alna! OversiktskartLast ned Alunsj\u00f8en, hovedkilde til Alna \u2014 med skogsti og villaveier \/ fortau Fossumbekken, \u00f8stre hovedkilde til Alna. Tursti langs bekken. H\u00f8lal\u00f8kka \u2013 Grorud stasjon \u2013 Poudretstien: Gangvei, fortau, veikryssinger. Alnaparken \u2013 to mulige stier Nedre Kalbakkvei bro, Kjelsruddammen Bringterminalen, ny gangvei til Alfaset 2. industrivei \/ Arvesetveien til Terminalveien E6-kryssing fra Breivollen ned til gangvei ved Trosterudbekken nord i Smalvollen Gangvei slutter Smalvollen ut i trafikkert vei ved&hellip;<\/p>\n","category_list":"","author_info":{"name":"admin","url":"https:\/\/alnaelva.no\/?author=1"},"comments_num":"0 kommentarer","_links":{"self":[{"href":"https:\/\/alnaelva.no\/index.php?rest_route=\/wp\/v2\/pages\/720"}],"collection":[{"href":"https:\/\/alnaelva.no\/index.php?rest_route=\/wp\/v2\/pages"}],"about":[{"href":"https:\/\/alnaelva.no\/index.php?rest_route=\/wp\/v2\/types\/page"}],"author":[{"embeddable":true,"href":"https:\/\/alnaelva.no\/index.php?rest_route=\/wp\/v2\/users\/1"}],"replies":[{"embeddable":true,"href":"https:\/\/alnaelva.no\/index.php?rest_route=%2Fwp%2Fv2%2Fcomments&post=720"}],"version-history":[{"count":15,"href":"https:\/\/alnaelva.no\/index.php?rest_route=\/wp\/v2\/pages\/720\/revisions"}],"predecessor-version":[{"id":960,"href":"https:\/\/alnaelva.no\/index.php?rest_route=\/wp\/v2\/pages\/720\/revisions\/960"}],"wp:attachment":[{"href":"https:\/\/alnaelva.no\/index.php?rest_route=%2Fwp%2Fv2%2Fmedia&parent=720"}],"curies":[{"name":"wp","href":"https:\/\/api.w.org\/{rel}","templated":true}]}}