
{"id":718,"date":"2023-04-26T14:32:46","date_gmt":"2023-04-26T14:32:46","guid":{"rendered":"https:\/\/alnaelva.no\/?page_id=249\/?page_id=718"},"modified":"2025-06-10T07:06:49","modified_gmt":"2025-06-10T07:06:49","slug":"biologisk-mangfold","status":"publish","type":"page","link":"https:\/\/alnaelva.no\/?page_id=718","title":{"rendered":"Biologisk mangfold"},"content":{"rendered":"\n<h6 class=\"wp-block-heading\">Langs Alna, som er Oslos lengste elv finner vi ulike planter, dyr og sopp. Nedenfor ser du noen av dem.<\/h6>\n\n\n\n<p>Dyr langs Alna<\/p>\n\n\n\n<figure class=\"wp-block-image size-large\"><img loading=\"lazy\" decoding=\"async\" width=\"1024\" height=\"595\" src=\"https:\/\/alnaelva.no\/wp-content\/uploads\/2022\/06\/kjelsrudender-1024x595.jpg\" alt=\"Stokkender, Kjelsrud\n\" class=\"wp-image-539\" srcset=\"https:\/\/alnaelva.no\/wp-content\/uploads\/2022\/06\/kjelsrudender-1024x595.jpg 1024w, https:\/\/alnaelva.no\/wp-content\/uploads\/2022\/06\/kjelsrudender-300x174.jpg 300w, https:\/\/alnaelva.no\/wp-content\/uploads\/2022\/06\/kjelsrudender-768x446.jpg 768w, https:\/\/alnaelva.no\/wp-content\/uploads\/2022\/06\/kjelsrudender-1536x892.jpg 1536w, https:\/\/alnaelva.no\/wp-content\/uploads\/2022\/06\/kjelsrudender-2048x1190.jpg 2048w\" sizes=\"(max-width: 1024px) 100vw, 1024px\" \/><figcaption class=\"wp-element-caption\">Tallrikt med stokkender i Alna. disse plasket rundt i nyetablerte Kjelsruddammen<\/figcaption><\/figure>\n\n\n\n<p>Pattedyr man kan treffe p\u00e5: R\u00e5dyr, rev, grevling, elg, bever.<\/p>\n\n\n\n<figure class=\"wp-block-image size-full\"><img loading=\"lazy\" decoding=\"async\" width=\"497\" height=\"414\" src=\"https:\/\/alnaelva.no\/wp-content\/uploads\/2022\/06\/pastedgraphic-2-edited.png\" alt=\"Elg Breivollen\n\" class=\"wp-image-558\" srcset=\"https:\/\/alnaelva.no\/wp-content\/uploads\/2022\/06\/pastedgraphic-2-edited.png 497w, https:\/\/alnaelva.no\/wp-content\/uploads\/2022\/06\/pastedgraphic-2-edited-300x250.png 300w\" sizes=\"(max-width: 497px) 100vw, 497px\" \/><figcaption class=\"wp-element-caption\">Spor av elg i elvebredden p\u00e5 Nedre Breivollen<\/figcaption><\/figure>\n\n\n\n<hr class=\"wp-block-separator has-alpha-channel-opacity\"\/>\n\n\n\n<p>Fisk i Alna<\/p>\n\n\n\n<figure class=\"wp-block-image size-full\"><img loading=\"lazy\" decoding=\"async\" width=\"2560\" height=\"1707\" src=\"https:\/\/alnaelva.no\/wp-content\/uploads\/2022\/06\/img_9853-scaled.jpg\" alt=\"Fisk i Alna\" class=\"wp-image-560\" srcset=\"https:\/\/alnaelva.no\/wp-content\/uploads\/2022\/06\/img_9853-scaled.jpg 2560w, https:\/\/alnaelva.no\/wp-content\/uploads\/2022\/06\/img_9853-300x200.jpg 300w, https:\/\/alnaelva.no\/wp-content\/uploads\/2022\/06\/img_9853-1024x683.jpg 1024w, https:\/\/alnaelva.no\/wp-content\/uploads\/2022\/06\/img_9853-768x512.jpg 768w, https:\/\/alnaelva.no\/wp-content\/uploads\/2022\/06\/img_9853-1536x1024.jpg 1536w, https:\/\/alnaelva.no\/wp-content\/uploads\/2022\/06\/img_9853-2048x1365.jpg 2048w\" sizes=\"(max-width: 2560px) 100vw, 2560px\" \/><\/figure>\n\n\n\n<hr class=\"wp-block-separator has-alpha-channel-opacity\"\/>\n\n\n\n<p><strong>Insekter<\/strong><\/p>\n\n\n\n<p><strong>Heggspinnm\u00f8llarver<\/strong><\/p>\n\n\n\n<figure class=\"wp-block-image size-large\"><img loading=\"lazy\" decoding=\"async\" width=\"1024\" height=\"576\" src=\"https:\/\/alnaelva.no\/wp-content\/uploads\/2025\/06\/IMG_7778-1024x576.png\" alt=\"\" class=\"wp-image-1110\" srcset=\"https:\/\/alnaelva.no\/wp-content\/uploads\/2025\/06\/IMG_7778-1024x576.png 1024w, https:\/\/alnaelva.no\/wp-content\/uploads\/2025\/06\/IMG_7778-300x169.png 300w, https:\/\/alnaelva.no\/wp-content\/uploads\/2025\/06\/IMG_7778-768x432.png 768w, https:\/\/alnaelva.no\/wp-content\/uploads\/2025\/06\/IMG_7778.png 1334w\" sizes=\"(max-width: 1024px) 100vw, 1024px\" \/><\/figure>\n\n\n\n<p>Mange som har g\u00e5tt tur langs Alnaelva i det siste har nok lagt merke til at det langs elva st\u00e5r tr\u00e6r som er helt uten blader og som skimrer s\u00f8lvaktig p\u00e5 avstand, s\u00e5kalte &laquo;sp\u00f8kelsestr\u00e6r&raquo;. N\u00e5r en kommer n\u00e6rmere ser man fort at disse tr\u00e6rne er dekket av et silkenett.&nbsp;Dette skyldes larven til heggspinnm\u00f8ll&nbsp;<em>Yponomeuta evonymella.&nbsp;<\/em>Som voksen har heggspinnm\u00f8llen hvite forvinger med svarte prikker. Larvene er ca. 2cm&nbsp;lange, og kan variere noe i farge mellom gr\u00e5&nbsp;og gul, med to b\u00e5nd med svarte flekker p\u00e5 ryggen.&nbsp;<\/p>\n\n\n\n<p>De fleste \u00e5r s\u00e5 finner man disse larvene i et begrenset antall p\u00e5 treet hegg&nbsp;<em>Prunus padus<\/em>, hvor de spinner sm\u00e5 nett rundt knopper og blader de spiser. Men noen \u00e5r opptrer larvene i sv\u00e6rt store antall og da vil de kunne strippe heggen for blader og innkapsle hele treet i spinn. Dette skjer ofte i sykluser p\u00e5 10-15 \u00e5r. I disse \u00e5rene vil det kunne v\u00e6re for mange larver p\u00e5 tr\u00e6rne, og larver p\u00e5 n\u00e6ringss\u00f8k vil ogs\u00e5 begynne \u00e5 spinne p\u00e5 omkringliggende vegetasjon og objekter. Larvene ern\u00e6rer seg kun av hegg, og vil ikke spise blader av andre planter selv om de spinner dem inn.<\/p>\n\n\n\n<p>I \u00e5rene med mye heggspinnm\u00f8ll kan angrepene se sv\u00e6rt alvorlige ut, men selv om tr\u00e6rne kan se slik ut, er de ikke d\u00f8de. Det er ingen grunn til bekymring, da dette er et helt naturlig fenomen, og heggen er utviklet til \u00e5 t\u00e5le slike angrep. P\u00e5 sensommeren vil tr\u00e6rne igjen kunne produsere nye blader.<\/p>\n\n\n\n<p><\/p>\n\n\n\n<p><br>Planter<\/p>\n\n\n\n<p>U\u00f8nskede planter \/ svartelistede<\/p>\n\n\n\n<p><\/p>\n\n\n\n<hr class=\"wp-block-separator has-alpha-channel-opacity\"\/>\n\n\n\n<p>Sopp og kjuker<\/p>\n\n\n\n<figure class=\"wp-block-image size-large\"><img loading=\"lazy\" decoding=\"async\" width=\"768\" height=\"1024\" src=\"https:\/\/alnaelva.no\/wp-content\/uploads\/2022\/10\/pa292222-768x1024.jpg\" alt=\"Sopp\" class=\"wp-image-584\" srcset=\"https:\/\/alnaelva.no\/wp-content\/uploads\/2022\/10\/pa292222-768x1024.jpg 768w, https:\/\/alnaelva.no\/wp-content\/uploads\/2022\/10\/pa292222-225x300.jpg 225w, https:\/\/alnaelva.no\/wp-content\/uploads\/2022\/10\/pa292222-1152x1536.jpg 1152w, https:\/\/alnaelva.no\/wp-content\/uploads\/2022\/10\/pa292222-1536x2048.jpg 1536w, https:\/\/alnaelva.no\/wp-content\/uploads\/2022\/10\/pa292222-scaled.jpg 1920w\" sizes=\"(max-width: 768px) 100vw, 768px\" \/><figcaption class=\"wp-element-caption\">Vintersopp <em>flammulina velutipes <strong>ved Alna Foto: Helge Braathen<\/strong><\/em><\/figcaption><\/figure>\n\n\n\n<p>Sabima ha utarbeidet en egen rapport om sopp i Svartdalen:<\/p>\n\n\n\n<p><a href=\"https:\/\/www.sabima.no\/wp-content\/uploads\/2021\/01\/Kartleggingsnotat-22-2020-Alnaselva-gjennom-Svartedalen.pdf\">Lenke til rapporten<\/a><\/p>\n\n\n\n<hr class=\"wp-block-separator has-alpha-channel-opacity\"\/>\n","protected":false},"excerpt":{"rendered":"<p>Langs Alna, som er Oslos lengste elv finner vi ulike planter, dyr og sopp. Nedenfor ser du noen av dem. Dyr langs Alna Pattedyr man kan treffe p\u00e5: R\u00e5dyr, rev, [&hellip;]<\/p>\n","protected":false},"author":1,"featured_media":0,"parent":0,"menu_order":0,"comment_status":"closed","ping_status":"closed","template":"","meta":{"footnotes":""},"featured_image_urls":{"full":"","thumbnail":"","medium":"","medium_large":"","large":"","1536x1536":"","2048x2048":"","post-thumbnail":""},"post_excerpt_stackable":"<p>Langs Alna, som er Oslos lengste elv finner vi ulike planter, dyr og sopp. Nedenfor ser du noen av dem. Dyr langs Alna Tallrikt med stokkender i Alna. disse plasket rundt i nyetablerte Kjelsruddammen Pattedyr man kan treffe p\u00e5: R\u00e5dyr, rev, grevling, elg, bever. Spor av elg i elvebredden p\u00e5 Nedre Breivollen Fisk i Alna Insekter Heggspinnm\u00f8llarver Mange som har g\u00e5tt tur langs Alnaelva i det siste har nok lagt merke til at det langs elva st\u00e5r tr\u00e6r som er helt uten blader og som skimrer s\u00f8lvaktig p\u00e5 avstand, s\u00e5kalte &laquo;sp\u00f8kelsestr\u00e6r&raquo;. N\u00e5r en kommer n\u00e6rmere ser man fort at disse&hellip;<\/p>\n","category_list":"","author_info":{"name":"admin","url":"https:\/\/alnaelva.no\/?author=1"},"comments_num":"0 kommentarer","_links":{"self":[{"href":"https:\/\/alnaelva.no\/index.php?rest_route=\/wp\/v2\/pages\/718"}],"collection":[{"href":"https:\/\/alnaelva.no\/index.php?rest_route=\/wp\/v2\/pages"}],"about":[{"href":"https:\/\/alnaelva.no\/index.php?rest_route=\/wp\/v2\/types\/page"}],"author":[{"embeddable":true,"href":"https:\/\/alnaelva.no\/index.php?rest_route=\/wp\/v2\/users\/1"}],"replies":[{"embeddable":true,"href":"https:\/\/alnaelva.no\/index.php?rest_route=%2Fwp%2Fv2%2Fcomments&post=718"}],"version-history":[{"count":8,"href":"https:\/\/alnaelva.no\/index.php?rest_route=\/wp\/v2\/pages\/718\/revisions"}],"predecessor-version":[{"id":1113,"href":"https:\/\/alnaelva.no\/index.php?rest_route=\/wp\/v2\/pages\/718\/revisions\/1113"}],"wp:attachment":[{"href":"https:\/\/alnaelva.no\/index.php?rest_route=%2Fwp%2Fv2%2Fmedia&parent=718"}],"curies":[{"name":"wp","href":"https:\/\/api.w.org\/{rel}","templated":true}]}}